{"id":1610,"date":"2023-04-26T08:50:09","date_gmt":"2023-04-26T11:50:09","guid":{"rendered":"https:\/\/b2s.unitedbusinessarg.com\/?post_type=product&#038;p=1610"},"modified":"2023-04-26T09:02:20","modified_gmt":"2023-04-26T12:02:20","slug":"house-pateo-da-lapa-casa-5","status":"publish","type":"product","link":"https:\/\/b2s.unitedbusinessarg.com\/index.php\/product\/house-pateo-da-lapa-casa-5\/","title":{"rendered":"House P\u00e1teo da Lapa Casa 5"},"content":{"rendered":"","protected":false},"excerpt":{"rendered":"<p>Casa deslumbrante no centro da cidade do Porto, pensada para receber os nossos h\u00f3spedes no conforto da nossa casa. Localizada a poucos metros do movimento da cidade, ter\u00e1 facilidade em deslocar-se a p\u00e9 para os locais de atra\u00e7\u00e3o tur\u00edstica.<\/p>\n","protected":false},"featured_media":1611,"comment_status":"open","ping_status":"closed","template":"","meta":{"_et_pb_use_builder":"","_et_pb_old_content":"","_et_gb_content_width":""},"product_brand":[],"product_cat":[69],"product_tag":[],"class_list":{"0":"post-1610","1":"product","2":"type-product","3":"status-publish","4":"has-post-thumbnail","6":"product_cat-rent","7":"pa_room-t1","9":"first","10":"instock","11":"shipping-taxable","12":"purchasable","13":"product-type-simple"},"_links":{"self":[{"href":"https:\/\/b2s.unitedbusinessarg.com\/index.php\/wp-json\/wp\/v2\/product\/1610","targetHints":{"allow":["GET"]}}],"collection":[{"href":"https:\/\/b2s.unitedbusinessarg.com\/index.php\/wp-json\/wp\/v2\/product"}],"about":[{"href":"https:\/\/b2s.unitedbusinessarg.com\/index.php\/wp-json\/wp\/v2\/types\/product"}],"replies":[{"embeddable":true,"href":"https:\/\/b2s.unitedbusinessarg.com\/index.php\/wp-json\/wp\/v2\/comments?post=1610"}],"wp:featuredmedia":[{"embeddable":true,"href":"https:\/\/b2s.unitedbusinessarg.com\/index.php\/wp-json\/wp\/v2\/media\/1611"}],"wp:attachment":[{"href":"https:\/\/b2s.unitedbusinessarg.com\/index.php\/wp-json\/wp\/v2\/media?parent=1610"}],"wp:term":[{"taxonomy":"product_brand","embeddable":true,"href":"https:\/\/b2s.unitedbusinessarg.com\/index.php\/wp-json\/wp\/v2\/product_brand?post=1610"},{"taxonomy":"product_cat","embeddable":true,"href":"https:\/\/b2s.unitedbusinessarg.com\/index.php\/wp-json\/wp\/v2\/product_cat?post=1610"},{"taxonomy":"product_tag","embeddable":true,"href":"https:\/\/b2s.unitedbusinessarg.com\/index.php\/wp-json\/wp\/v2\/product_tag?post=1610"}],"curies":[{"name":"wp","href":"https:\/\/api.w.org\/{rel}","templated":true}]}}