{"id":1577,"date":"2023-04-26T08:09:52","date_gmt":"2023-04-26T11:09:52","guid":{"rendered":"https:\/\/b2s.unitedbusinessarg.com\/?post_type=product&#038;p=1577"},"modified":"2023-04-26T08:48:53","modified_gmt":"2023-04-26T11:48:53","slug":"charming-apartment-by-pedro","status":"publish","type":"product","link":"https:\/\/b2s.unitedbusinessarg.com\/index.php\/product\/charming-apartment-by-pedro\/","title":{"rendered":"Charming Apartment by Pedro"},"content":{"rendered":"","protected":false},"excerpt":{"rendered":"<div class=\"_qgyzgn\">\n<div id=\"listing-description-subtitle\" class=\"_13h2n5h\" data-testid=\"qa-baserow-subtitle-listing-description\">\n<div>\n<div class=\"c1hha4e7 dir dir-ltr\">Desfrute de uma experi\u00eancia elegante neste espa\u00e7o de localiza\u00e7\u00e3o central. Apartamento pensado para receber os nossos h\u00f3spedes, que ir\u00e3o desfrutar de um jacuzzi e uma \u00e1rea exterior espa\u00e7osa, de forma a desfrutar de refei\u00e7\u00f5es ao ar livre.<\/div>\n<\/div>\n<\/div>\n<\/div>\n","protected":false},"featured_media":1586,"comment_status":"open","ping_status":"closed","template":"","meta":{"_et_pb_use_builder":"","_et_pb_old_content":"","_et_gb_content_width":""},"product_brand":[],"product_cat":[69],"product_tag":[],"class_list":{"0":"post-1577","1":"product","2":"type-product","3":"status-publish","4":"has-post-thumbnail","6":"product_cat-rent","7":"pa_room-t3","9":"first","10":"instock","11":"shipping-taxable","12":"purchasable","13":"product-type-simple"},"_links":{"self":[{"href":"https:\/\/b2s.unitedbusinessarg.com\/index.php\/wp-json\/wp\/v2\/product\/1577","targetHints":{"allow":["GET"]}}],"collection":[{"href":"https:\/\/b2s.unitedbusinessarg.com\/index.php\/wp-json\/wp\/v2\/product"}],"about":[{"href":"https:\/\/b2s.unitedbusinessarg.com\/index.php\/wp-json\/wp\/v2\/types\/product"}],"replies":[{"embeddable":true,"href":"https:\/\/b2s.unitedbusinessarg.com\/index.php\/wp-json\/wp\/v2\/comments?post=1577"}],"wp:featuredmedia":[{"embeddable":true,"href":"https:\/\/b2s.unitedbusinessarg.com\/index.php\/wp-json\/wp\/v2\/media\/1586"}],"wp:attachment":[{"href":"https:\/\/b2s.unitedbusinessarg.com\/index.php\/wp-json\/wp\/v2\/media?parent=1577"}],"wp:term":[{"taxonomy":"product_brand","embeddable":true,"href":"https:\/\/b2s.unitedbusinessarg.com\/index.php\/wp-json\/wp\/v2\/product_brand?post=1577"},{"taxonomy":"product_cat","embeddable":true,"href":"https:\/\/b2s.unitedbusinessarg.com\/index.php\/wp-json\/wp\/v2\/product_cat?post=1577"},{"taxonomy":"product_tag","embeddable":true,"href":"https:\/\/b2s.unitedbusinessarg.com\/index.php\/wp-json\/wp\/v2\/product_tag?post=1577"}],"curies":[{"name":"wp","href":"https:\/\/api.w.org\/{rel}","templated":true}]}}